{"id":1618,"date":"2023-10-31T20:43:58","date_gmt":"2023-10-31T19:43:58","guid":{"rendered":"https:\/\/www.loslittles.com\/login\/"},"modified":"2023-10-31T20:43:58","modified_gmt":"2023-10-31T19:43:58","slug":"login","status":"publish","type":"page","link":"https:\/\/www.loslittles.com\/en\/login-2\/","title":{"rendered":"Login"},"content":{"rendered":"<div class=\"uwp-login-class bsui sdel-dc2db578\" ><div class=\"uwp_page\"><div class=\"row\">\n\t<div class=\"card mx-auto container-fluid p-0 border-0\" >\n\t\t\t\t\t<div class=\"card-body\">\n\t\t\t\t<h3 class=\"card-title text-center mb-4\">Log in<\/h3>\t\t\t\t<form class=\"uwp-login-form uwp_form\" method=\"post\" action=\"\">\n\n\t\t\t\t\t<div data-argument=\"username\" class=\"form-group\"  ><label  for=\"username\"  class=\"sr-only\" >Username or Email <span class=\"text-danger\">*<\/span><\/label><input type=\"text\"  name=\"username\"  id=\"username\"  placeholder=\"Username or Email *\"  title=\"Username or Email\"  required class=\"form-control\"  ><\/div><div data-argument=\"password\" class=\"form-group  uwp-password-wrap\"  ><label  for=\"password\"  class=\"sr-only\" >Password <span class=\"text-danger\">*<\/span><\/label><div class=\"input-group\"  ><input type=\"password\"  name=\"password\"  id=\"password\"  placeholder=\"Password *\"  title=\"Password\"  required class=\"form-control\"  ><div class=\"input-group-append\" style=\"top:0;right:0;\"><span class=\"input-group-text c-pointer px-3\" \nonclick=\"var $el = jQuery(this).find('i');$el.toggleClass('fa-eye fa-eye-slash');var $eli = jQuery(this).parent().parent().find('input');if($el.hasClass('fa-eye')){$eli.attr('type','text');}else{$eli.attr('type','password');}\"\n><i class=\"far fa-fw fa-eye-slash\"><\/i><\/span><\/div><\/div><\/div><input type=\"hidden\" name=\"redirect_to\" value=\"https:\/\/www.loslittles.com\/en\"\/><input type=\"hidden\" name=\"uwp_login_nonce\" value=\"8c23a158b1\" \/>\n\t\t\t\t\t<div class=\"uwp-remember-me custom-checkbox mb-3\">\n                        <div data-argument=\"remember_me\" class=\"form-group\"  ><div class=\"custom-control custom-checkbox\"  ><input type=\"hidden\" name=\"remember_me\" value=\"0\" \/><input type=\"checkbox\"  name=\"remember_me\"  id=\"remember_me\"  value=\"forever\"  class=\"form-control  custom-control-input c-pointer\"  ><label  for=\"remember_me\"  class=\"custom-control-label\" >Remember Me<\/label><\/div><\/div>\t\t\t\t\t<\/div>\n\n\t\t\t\t\t<button type=\"submit\"  name=\"uwp_login_submit\"  class=\"btn btn-primary btn-block text-uppercase uwp_login_submit\"  >Log in<\/button>\n\n\t\t\t\t<input type=\"hidden\" name=\"trp-form-language\" value=\"en\"\/><\/form>\n\n                <div class=\"uwp-footer-links\">\n                    <div class=\"uwp-footer-link d-inline-block\">\n\t\t\t\t\t\t<a href=\"https:\/\/www.loslittles.com\/en\/register\/\" class=\"d-block text-center mt-2 small uwp-register-link\"  rel=\"nofollow\"  >Create account<\/a>\n                    <\/div>\n                    <div class=\"uwp-footer-link float-right\">\n\t\t\t\t\t\t<a href=\"https:\/\/www.loslittles.com\/en\/forgot\/\" class=\"d-block text-center mt-2 small uwp-forgot-password-link\"  rel=\"nofollow\"  >Forgot password?<\/a>\n                    <\/div>\n                <\/div>\n\n                <div class=\"form-group text-center mb-0 p-0\">\n\t\t\t\t\t                <\/div>\n\n\t\t\t<\/div>\n\t<\/div>\n<\/div>\n<\/div><\/div>","protected":false},"excerpt":{"rendered":"","protected":false},"author":1,"featured_media":0,"parent":0,"menu_order":0,"comment_status":"closed","ping_status":"closed","template":"","meta":{"_acf_changed":false,"_kad_blocks_custom_css":"","_kad_blocks_head_custom_js":"","_kad_blocks_body_custom_js":"","_kad_blocks_footer_custom_js":"","_kad_post_transparent":"","_kad_post_title":"","_kad_post_layout":"","_kad_post_sidebar_id":"","_kad_post_content_style":"","_kad_post_vertical_padding":"","_kad_post_feature":"","_kad_post_feature_position":"","_kad_post_header":false,"_kad_post_footer":false,"footnotes":""},"class_list":["post-1618","page","type-page","status-publish","hentry"],"acf":[],"yoast_head":"<!-- This site is optimized with the Yoast SEO Premium plugin v24.9 (Yoast SEO v24.9) - https:\/\/yoast.com\/wordpress\/plugins\/seo\/ -->\n<title>Login - LosLittles<\/title>\n<meta name=\"robots\" content=\"index, follow, max-snippet:-1, max-image-preview:large, max-video-preview:-1\" \/>\n<link rel=\"canonical\" href=\"https:\/\/www.loslittles.com\/en\/login-2\/\" \/>\n<meta property=\"og:locale\" content=\"en_GB\" \/>\n<meta property=\"og:type\" content=\"article\" \/>\n<meta property=\"og:title\" content=\"Login\" \/>\n<meta property=\"og:url\" content=\"https:\/\/www.loslittles.com\/en\/login-2\/\" \/>\n<meta property=\"og:site_name\" content=\"LosLittles\" \/>\n<meta property=\"article:publisher\" content=\"https:\/\/www.facebook.com\/profile.php?id=61557166157242\" \/>\n<meta property=\"og:image\" content=\"https:\/\/www.loslittles.com\/wp-content\/uploads\/2023\/10\/loslittles-child-theme.jpg\" \/>\n\t<meta property=\"og:image:width\" content=\"1200\" \/>\n\t<meta property=\"og:image:height\" content=\"900\" \/>\n\t<meta property=\"og:image:type\" content=\"image\/jpeg\" \/>\n<meta name=\"twitter:card\" content=\"summary_large_image\" \/>\n<script type=\"application\/ld+json\" class=\"yoast-schema-graph\">{\"@context\":\"https:\/\/schema.org\",\"@graph\":[{\"@type\":\"WebPage\",\"@id\":\"https:\/\/www.loslittles.com\/login\/\",\"url\":\"https:\/\/www.loslittles.com\/login\/\",\"name\":\"Login - LosLittles\",\"isPartOf\":{\"@id\":\"https:\/\/www.loslittles.com\/#website\"},\"datePublished\":\"2023-10-31T19:43:58+00:00\",\"breadcrumb\":{\"@id\":\"https:\/\/www.loslittles.com\/login\/#breadcrumb\"},\"inLanguage\":\"en-GB\",\"potentialAction\":[{\"@type\":\"ReadAction\",\"target\":[\"https:\/\/www.loslittles.com\/login\/\"]}]},{\"@type\":\"BreadcrumbList\",\"@id\":\"https:\/\/www.loslittles.com\/login\/#breadcrumb\",\"itemListElement\":[{\"@type\":\"ListItem\",\"position\":1,\"name\":\"Dom\u016f\",\"item\":\"https:\/\/www.loslittles.com\/\"},{\"@type\":\"ListItem\",\"position\":2,\"name\":\"Login\"}]},{\"@type\":\"WebSite\",\"@id\":\"https:\/\/www.loslittles.com\/#website\",\"url\":\"https:\/\/www.loslittles.com\/\",\"name\":\"LosLittles\",\"description\":\"Ubytov\u00e1n\u00ed a restaurace s hernami a d\u011btsk\u00fdmi koutky\",\"publisher\":{\"@id\":\"https:\/\/www.loslittles.com\/#organization\"},\"potentialAction\":[{\"@type\":\"SearchAction\",\"target\":{\"@type\":\"EntryPoint\",\"urlTemplate\":\"https:\/\/www.loslittles.com\/?s={search_term_string}\"},\"query-input\":{\"@type\":\"PropertyValueSpecification\",\"valueRequired\":true,\"valueName\":\"search_term_string\"}}],\"inLanguage\":\"en-GB\"},{\"@type\":\"Organization\",\"@id\":\"https:\/\/www.loslittles.com\/#organization\",\"name\":\"LosLittles, s.r.o.\",\"url\":\"https:\/\/www.loslittles.com\/\",\"logo\":{\"@type\":\"ImageObject\",\"inLanguage\":\"en-GB\",\"@id\":\"https:\/\/www.loslittles.com\/#\/schema\/logo\/image\/\",\"url\":\"https:\/\/www.loslittles.com\/wp-content\/uploads\/2023\/10\/loslittles-logo-final-RGB.svg\",\"contentUrl\":\"https:\/\/www.loslittles.com\/wp-content\/uploads\/2023\/10\/loslittles-logo-final-RGB.svg\",\"width\":81,\"height\":69,\"caption\":\"LosLittles, s.r.o.\"},\"image\":{\"@id\":\"https:\/\/www.loslittles.com\/#\/schema\/logo\/image\/\"},\"sameAs\":[\"https:\/\/www.facebook.com\/profile.php?id=61557166157242\"]}]}<\/script>\n<!-- \/ Yoast SEO Premium plugin. -->","yoast_head_json":{"title":"Login - LosLittles","robots":{"index":"index","follow":"follow","max-snippet":"max-snippet:-1","max-image-preview":"max-image-preview:large","max-video-preview":"max-video-preview:-1"},"canonical":"https:\/\/www.loslittles.com\/en\/login-2\/","og_locale":"en_GB","og_type":"article","og_title":"Login","og_url":"https:\/\/www.loslittles.com\/en\/login-2\/","og_site_name":"LosLittles","article_publisher":"https:\/\/www.facebook.com\/profile.php?id=61557166157242","og_image":[{"width":1200,"height":900,"url":"https:\/\/www.loslittles.com\/wp-content\/uploads\/2023\/10\/loslittles-child-theme.jpg","type":"image\/jpeg"}],"twitter_card":"summary_large_image","schema":{"@context":"https:\/\/schema.org","@graph":[{"@type":"WebPage","@id":"https:\/\/www.loslittles.com\/login\/","url":"https:\/\/www.loslittles.com\/login\/","name":"Login - LosLittles","isPartOf":{"@id":"https:\/\/www.loslittles.com\/#website"},"datePublished":"2023-10-31T19:43:58+00:00","breadcrumb":{"@id":"https:\/\/www.loslittles.com\/login\/#breadcrumb"},"inLanguage":"en-GB","potentialAction":[{"@type":"ReadAction","target":["https:\/\/www.loslittles.com\/login\/"]}]},{"@type":"BreadcrumbList","@id":"https:\/\/www.loslittles.com\/login\/#breadcrumb","itemListElement":[{"@type":"ListItem","position":1,"name":"Dom\u016f","item":"https:\/\/www.loslittles.com\/"},{"@type":"ListItem","position":2,"name":"Login"}]},{"@type":"WebSite","@id":"https:\/\/www.loslittles.com\/#website","url":"https:\/\/www.loslittles.com\/","name":"LosLittles","description":"Ubytov\u00e1n\u00ed a restaurace s hernami a d\u011btsk\u00fdmi koutky","publisher":{"@id":"https:\/\/www.loslittles.com\/#organization"},"potentialAction":[{"@type":"SearchAction","target":{"@type":"EntryPoint","urlTemplate":"https:\/\/www.loslittles.com\/?s={search_term_string}"},"query-input":{"@type":"PropertyValueSpecification","valueRequired":true,"valueName":"search_term_string"}}],"inLanguage":"en-GB"},{"@type":"Organization","@id":"https:\/\/www.loslittles.com\/#organization","name":"LosLittles, s.r.o.","url":"https:\/\/www.loslittles.com\/","logo":{"@type":"ImageObject","inLanguage":"en-GB","@id":"https:\/\/www.loslittles.com\/#\/schema\/logo\/image\/","url":"https:\/\/www.loslittles.com\/wp-content\/uploads\/2023\/10\/loslittles-logo-final-RGB.svg","contentUrl":"https:\/\/www.loslittles.com\/wp-content\/uploads\/2023\/10\/loslittles-logo-final-RGB.svg","width":81,"height":69,"caption":"LosLittles, s.r.o."},"image":{"@id":"https:\/\/www.loslittles.com\/#\/schema\/logo\/image\/"},"sameAs":["https:\/\/www.facebook.com\/profile.php?id=61557166157242"]}]}},"taxonomy_info":[],"featured_image_src_large":false,"author_info":{"display_name":"Admin13","author_link":"https:\/\/www.loslittles.com\/en\/profile\/admin13\/"},"comment_info":0,"_links":{"self":[{"href":"https:\/\/www.loslittles.com\/en\/wp-json\/wp\/v2\/pages\/1618","targetHints":{"allow":["GET"]}}],"collection":[{"href":"https:\/\/www.loslittles.com\/en\/wp-json\/wp\/v2\/pages"}],"about":[{"href":"https:\/\/www.loslittles.com\/en\/wp-json\/wp\/v2\/types\/page"}],"author":[{"embeddable":true,"href":"https:\/\/www.loslittles.com\/en\/wp-json\/wp\/v2\/users\/1"}],"replies":[{"embeddable":true,"href":"https:\/\/www.loslittles.com\/en\/wp-json\/wp\/v2\/comments?post=1618"}],"version-history":[{"count":0,"href":"https:\/\/www.loslittles.com\/en\/wp-json\/wp\/v2\/pages\/1618\/revisions"}],"wp:attachment":[{"href":"https:\/\/www.loslittles.com\/en\/wp-json\/wp\/v2\/media?parent=1618"}],"curies":[{"name":"wp","href":"https:\/\/api.w.org\/{rel}","templated":true}]}}