{"id":1617,"date":"2023-10-31T20:43:58","date_gmt":"2023-10-31T19:43:58","guid":{"rendered":"https:\/\/www.loslittles.com\/register\/"},"modified":"2023-10-31T20:43:58","modified_gmt":"2023-10-31T19:43:58","slug":"register","status":"publish","type":"page","link":"https:\/\/www.loslittles.com\/en\/register\/","title":{"rendered":"Register"},"content":{"rendered":"<div class=\"uwp-register-class bsui sdel-240aa5ef\" ><div class=\"uwp_widgets uwp_widget_register\"><div class=\"uwp_page wpbs\">    <div class=\"row\">\n        <div class=\"card mx-auto container-fluid p-0 border-0\" >\n\t\t\t            <div class=\"card-body\">\n\t\t\t\t<h3 class=\"card-title text-center mb-4\">Register<\/h3>\n                <form class=\"uwp-registration-form uwp_form\" method=\"post\" enctype=\"multipart\/form-data\" action=\"\">\n\t\t\t\t\t<div data-argument=\"first_name\" class=\"form-group\"  ><label  for=\"first_name\"  class=\"sr-only\" >First Name <span class=\"text-danger\">*<\/span><\/label><input type=\"text\"  name=\"first_name\"  id=\"first_name\"  placeholder=\"First Name *\"  title=\"First Name\"  required class=\"form-control\"  ><\/div><div data-argument=\"last_name\" class=\"form-group\"  ><label  for=\"last_name\"  class=\"sr-only\" >Last Name <span class=\"text-danger\">*<\/span><\/label><input type=\"text\"  name=\"last_name\"  id=\"last_name\"  placeholder=\"Last Name *\"  title=\"Last Name\"  required class=\"form-control\"  ><\/div><div data-argument=\"username\" class=\"form-group\"  ><label  for=\"username\"  class=\"sr-only\" >Username <span class=\"text-danger\">*<\/span><\/label><input type=\"text\"  name=\"username\"  id=\"username\"  placeholder=\"Username *\"  title=\"Username\"  required class=\"form-control\"  ><\/div><div data-argument=\"type_profile\" class=\"form-group\"  ><label  for=\"type_profile\"  class=\"sr-only\" >Typ \u00fa\u010dtu <span class=\"text-danger\">*<\/span><\/label><select  style='width:100%;'  class=\"custom-select  aui-select2\"  name=\"type_profile\"  id=\"type_profile\"  title=\"Typ \u00fa\u010dtu\"  data-placeholder=\"Choose Typ \u00fa\u010dtu&hellip; *\"  data-allow-clear=\"1\"  required><option><\/option><option value=\"user\"  >U\u017eivatel<\/option><option value=\"obj\"  >Hotel<\/option><option value=\"aco\"  >RESTAURANTS<\/option><\/select><\/div><div data-argument=\"email\" class=\"form-group\"  ><label  for=\"email\"  class=\"sr-only\" >Email <span class=\"text-danger\">*<\/span><\/label><input type=\"email\"  name=\"email\"  id=\"email\"  placeholder=\"Email *\"  title=\"Email\"  required class=\"form-control\"  ><\/div><div data-argument=\"password\" class=\"form-group  uwp-password-wrap\"  ><label  for=\"password\"  class=\"sr-only\" >Password <span class=\"text-danger\">*<\/span><\/label><div class=\"input-group\"  ><input type=\"password\"  name=\"password\"  id=\"password\"  placeholder=\"Password *\"  title=\"Password\"  required class=\"form-control\"  ><div class=\"input-group-append\" style=\"top:0;right:0;\"><span class=\"input-group-text c-pointer px-3\" \nonclick=\"var $el = jQuery(this).find('i');$el.toggleClass('fa-eye fa-eye-slash');var $eli = jQuery(this).parent().parent().find('input');if($el.hasClass('fa-eye')){$eli.attr('type','text');}else{$eli.attr('type','password');}\"\n><i class=\"far fa-fw fa-eye-slash\"><\/i><\/span><\/div><\/div><\/div><div data-argument=\"confirm_password\" class=\"form-group  uwp-password-wrap\"  ><label  for=\"confirm_password\"  class=\"sr-only\" >Confirm Password <span class=\"text-danger\">*<\/span><\/label><div class=\"input-group\"  ><input type=\"password\"  name=\"confirm_password\"  id=\"confirm_password\"  placeholder=\"Confirm Password *\"  title=\"Confirm Password\"  required class=\"form-control\"  ><div class=\"input-group-append\" style=\"top:0;right:0;\"><span class=\"input-group-text c-pointer px-3\" \nonclick=\"var $el = jQuery(this).find('i');$el.toggleClass('fa-eye fa-eye-slash');var $eli = jQuery(this).parent().parent().find('input');if($el.hasClass('fa-eye')){$eli.attr('type','text');}else{$eli.attr('type','password');}\"\n><i class=\"far fa-fw fa-eye-slash\"><\/i><\/span><\/div><\/div><\/div><input type=\"hidden\" name=\"redirect_to\" value=\"https:\/\/www.loslittles.com\/en\"\/><input type=\"hidden\" name=\"uwp_register_hash\" value=\"5fb8d3e8e3f0060991eed2aab\" style=\"display:none !important; visibility:hidden !important;\" \/><input type=\"hidden\" name=\"uwp_register_hp\" value=\"\" style=\"display:none !important; visibility:hidden !important;\" size=\"25\" autocomplete=\"off\" \/><input type=\"hidden\" name=\"uwp_register_nonce\" value=\"00da539091\" \/><input type=\"hidden\" name=\"uwp_register_form_id\" value=\"1\"><button type=\"submit\"  name=\"uwp_register_submit\"  class=\"btn btn-primary btn-block text-uppercase uwp_register_submit\"  >Create Account<\/button>\n                <input type=\"hidden\" name=\"trp-form-language\" value=\"en\"\/><\/form>\n\n                <div class=\"uwp-footer-links\">\n                    <div class=\"uwp-footer-link\">\n\t\t\t\t\t\t<a href=\"https:\/\/www.loslittles.com\/en\/login-2\/\" class=\"d-block text-center mt-2 small uwp-login-link\"  rel=\"nofollow\"  >Log in<\/a>\n                    <\/div>\n                <\/div>\n\n                <div class=\"form-group text-center mb-0 p-0\">\n\t\t\t\t\t                <\/div>\n\n            <\/div>\n        <\/div>\n    <\/div>\n<\/div><\/div>\t<script>\n        jQuery( document ).ready( function( $ ) {\n\n            $( 'body' ).on( 'keyup', 'input[name=password], input[name=confirm_password]',\n                function( event ) {\n                    var $form = $(this).closest('form');\n                    if( ! $form.hasClass('uwp-login-form') ) {\n                        uwp_checkPasswordStrength(\n                            $('input[name=password]', $form),         \/\/ First password field\n                            $('input[name=confirm_password]', $form), \/\/ Second password field\n                            $('#uwp-password-strength', $form),           \/\/ Strength meter\n                            $('input[type=submit]', $form),           \/\/ Submit button\n                            ['black', 'listed', 'word']        \/\/ Blacklisted words\n                        );\n                    }\n                }\n            );\n        });\n\t<\/script>\n\t<\/div>","protected":false},"excerpt":{"rendered":"","protected":false},"author":1,"featured_media":0,"parent":0,"menu_order":0,"comment_status":"closed","ping_status":"closed","template":"","meta":{"_acf_changed":false,"_kad_blocks_custom_css":"","_kad_blocks_head_custom_js":"","_kad_blocks_body_custom_js":"","_kad_blocks_footer_custom_js":"","_kad_post_transparent":"","_kad_post_title":"","_kad_post_layout":"","_kad_post_sidebar_id":"","_kad_post_content_style":"","_kad_post_vertical_padding":"","_kad_post_feature":"","_kad_post_feature_position":"","_kad_post_header":false,"_kad_post_footer":false,"footnotes":""},"class_list":["post-1617","page","type-page","status-publish","hentry"],"acf":[],"yoast_head":"<!-- This site is optimized with the Yoast SEO Premium plugin v24.9 (Yoast SEO v24.9) - https:\/\/yoast.com\/wordpress\/plugins\/seo\/ -->\n<title>Register - LosLittles<\/title>\n<meta name=\"robots\" content=\"index, follow, max-snippet:-1, max-image-preview:large, max-video-preview:-1\" \/>\n<link rel=\"canonical\" href=\"https:\/\/www.loslittles.com\/en\/register\/\" \/>\n<meta property=\"og:locale\" content=\"en_GB\" \/>\n<meta property=\"og:type\" content=\"article\" \/>\n<meta property=\"og:title\" content=\"Register\" \/>\n<meta property=\"og:url\" content=\"https:\/\/www.loslittles.com\/en\/register\/\" \/>\n<meta property=\"og:site_name\" content=\"LosLittles\" \/>\n<meta property=\"article:publisher\" content=\"https:\/\/www.facebook.com\/profile.php?id=61557166157242\" \/>\n<meta property=\"og:image\" content=\"https:\/\/www.loslittles.com\/wp-content\/uploads\/2023\/10\/loslittles-child-theme.jpg\" \/>\n\t<meta property=\"og:image:width\" content=\"1200\" \/>\n\t<meta property=\"og:image:height\" content=\"900\" \/>\n\t<meta property=\"og:image:type\" content=\"image\/jpeg\" \/>\n<meta name=\"twitter:card\" content=\"summary_large_image\" \/>\n<script type=\"application\/ld+json\" class=\"yoast-schema-graph\">{\"@context\":\"https:\/\/schema.org\",\"@graph\":[{\"@type\":\"WebPage\",\"@id\":\"https:\/\/www.loslittles.com\/register\/\",\"url\":\"https:\/\/www.loslittles.com\/register\/\",\"name\":\"Register - LosLittles\",\"isPartOf\":{\"@id\":\"https:\/\/www.loslittles.com\/#website\"},\"datePublished\":\"2023-10-31T19:43:58+00:00\",\"breadcrumb\":{\"@id\":\"https:\/\/www.loslittles.com\/register\/#breadcrumb\"},\"inLanguage\":\"en-GB\",\"potentialAction\":[{\"@type\":\"ReadAction\",\"target\":[\"https:\/\/www.loslittles.com\/register\/\"]}]},{\"@type\":\"BreadcrumbList\",\"@id\":\"https:\/\/www.loslittles.com\/register\/#breadcrumb\",\"itemListElement\":[{\"@type\":\"ListItem\",\"position\":1,\"name\":\"Dom\u016f\",\"item\":\"https:\/\/www.loslittles.com\/\"},{\"@type\":\"ListItem\",\"position\":2,\"name\":\"Register\"}]},{\"@type\":\"WebSite\",\"@id\":\"https:\/\/www.loslittles.com\/#website\",\"url\":\"https:\/\/www.loslittles.com\/\",\"name\":\"LosLittles\",\"description\":\"Ubytov\u00e1n\u00ed a restaurace s hernami a d\u011btsk\u00fdmi koutky\",\"publisher\":{\"@id\":\"https:\/\/www.loslittles.com\/#organization\"},\"potentialAction\":[{\"@type\":\"SearchAction\",\"target\":{\"@type\":\"EntryPoint\",\"urlTemplate\":\"https:\/\/www.loslittles.com\/?s={search_term_string}\"},\"query-input\":{\"@type\":\"PropertyValueSpecification\",\"valueRequired\":true,\"valueName\":\"search_term_string\"}}],\"inLanguage\":\"en-GB\"},{\"@type\":\"Organization\",\"@id\":\"https:\/\/www.loslittles.com\/#organization\",\"name\":\"LosLittles, s.r.o.\",\"url\":\"https:\/\/www.loslittles.com\/\",\"logo\":{\"@type\":\"ImageObject\",\"inLanguage\":\"en-GB\",\"@id\":\"https:\/\/www.loslittles.com\/#\/schema\/logo\/image\/\",\"url\":\"https:\/\/www.loslittles.com\/wp-content\/uploads\/2023\/10\/loslittles-logo-final-RGB.svg\",\"contentUrl\":\"https:\/\/www.loslittles.com\/wp-content\/uploads\/2023\/10\/loslittles-logo-final-RGB.svg\",\"width\":81,\"height\":69,\"caption\":\"LosLittles, s.r.o.\"},\"image\":{\"@id\":\"https:\/\/www.loslittles.com\/#\/schema\/logo\/image\/\"},\"sameAs\":[\"https:\/\/www.facebook.com\/profile.php?id=61557166157242\"]}]}<\/script>\n<!-- \/ Yoast SEO Premium plugin. -->","yoast_head_json":{"title":"Register - LosLittles","robots":{"index":"index","follow":"follow","max-snippet":"max-snippet:-1","max-image-preview":"max-image-preview:large","max-video-preview":"max-video-preview:-1"},"canonical":"https:\/\/www.loslittles.com\/en\/register\/","og_locale":"en_GB","og_type":"article","og_title":"Register","og_url":"https:\/\/www.loslittles.com\/en\/register\/","og_site_name":"LosLittles","article_publisher":"https:\/\/www.facebook.com\/profile.php?id=61557166157242","og_image":[{"width":1200,"height":900,"url":"https:\/\/www.loslittles.com\/wp-content\/uploads\/2023\/10\/loslittles-child-theme.jpg","type":"image\/jpeg"}],"twitter_card":"summary_large_image","schema":{"@context":"https:\/\/schema.org","@graph":[{"@type":"WebPage","@id":"https:\/\/www.loslittles.com\/register\/","url":"https:\/\/www.loslittles.com\/register\/","name":"Register - LosLittles","isPartOf":{"@id":"https:\/\/www.loslittles.com\/#website"},"datePublished":"2023-10-31T19:43:58+00:00","breadcrumb":{"@id":"https:\/\/www.loslittles.com\/register\/#breadcrumb"},"inLanguage":"en-GB","potentialAction":[{"@type":"ReadAction","target":["https:\/\/www.loslittles.com\/register\/"]}]},{"@type":"BreadcrumbList","@id":"https:\/\/www.loslittles.com\/register\/#breadcrumb","itemListElement":[{"@type":"ListItem","position":1,"name":"Dom\u016f","item":"https:\/\/www.loslittles.com\/"},{"@type":"ListItem","position":2,"name":"Register"}]},{"@type":"WebSite","@id":"https:\/\/www.loslittles.com\/#website","url":"https:\/\/www.loslittles.com\/","name":"LosLittles","description":"Ubytov\u00e1n\u00ed a restaurace s hernami a d\u011btsk\u00fdmi koutky","publisher":{"@id":"https:\/\/www.loslittles.com\/#organization"},"potentialAction":[{"@type":"SearchAction","target":{"@type":"EntryPoint","urlTemplate":"https:\/\/www.loslittles.com\/?s={search_term_string}"},"query-input":{"@type":"PropertyValueSpecification","valueRequired":true,"valueName":"search_term_string"}}],"inLanguage":"en-GB"},{"@type":"Organization","@id":"https:\/\/www.loslittles.com\/#organization","name":"LosLittles, s.r.o.","url":"https:\/\/www.loslittles.com\/","logo":{"@type":"ImageObject","inLanguage":"en-GB","@id":"https:\/\/www.loslittles.com\/#\/schema\/logo\/image\/","url":"https:\/\/www.loslittles.com\/wp-content\/uploads\/2023\/10\/loslittles-logo-final-RGB.svg","contentUrl":"https:\/\/www.loslittles.com\/wp-content\/uploads\/2023\/10\/loslittles-logo-final-RGB.svg","width":81,"height":69,"caption":"LosLittles, s.r.o."},"image":{"@id":"https:\/\/www.loslittles.com\/#\/schema\/logo\/image\/"},"sameAs":["https:\/\/www.facebook.com\/profile.php?id=61557166157242"]}]}},"taxonomy_info":[],"featured_image_src_large":false,"author_info":{"display_name":"Admin13","author_link":"https:\/\/www.loslittles.com\/en\/profile\/admin13\/"},"comment_info":0,"_links":{"self":[{"href":"https:\/\/www.loslittles.com\/en\/wp-json\/wp\/v2\/pages\/1617","targetHints":{"allow":["GET"]}}],"collection":[{"href":"https:\/\/www.loslittles.com\/en\/wp-json\/wp\/v2\/pages"}],"about":[{"href":"https:\/\/www.loslittles.com\/en\/wp-json\/wp\/v2\/types\/page"}],"author":[{"embeddable":true,"href":"https:\/\/www.loslittles.com\/en\/wp-json\/wp\/v2\/users\/1"}],"replies":[{"embeddable":true,"href":"https:\/\/www.loslittles.com\/en\/wp-json\/wp\/v2\/comments?post=1617"}],"version-history":[{"count":0,"href":"https:\/\/www.loslittles.com\/en\/wp-json\/wp\/v2\/pages\/1617\/revisions"}],"wp:attachment":[{"href":"https:\/\/www.loslittles.com\/en\/wp-json\/wp\/v2\/media?parent=1617"}],"curies":[{"name":"wp","href":"https:\/\/api.w.org\/{rel}","templated":true}]}}